{"id":62,"date":"2020-05-04T11:48:49","date_gmt":"2020-05-04T10:48:49","guid":{"rendered":"http:\/\/www.gastklubben.se\/?page_id=62"},"modified":"2020-05-04T11:56:51","modified_gmt":"2020-05-04T10:56:51","slug":"nyheter","status":"publish","type":"page","link":"https:\/\/www.gastklubben.se\/?page_id=62","title":{"rendered":"Nyheter"},"content":{"rendered":"\t\t<div data-elementor-type=\"wp-page\" data-elementor-id=\"62\" class=\"elementor elementor-62\">\n\t\t\t\t\t\t<section class=\"elementor-section elementor-top-section elementor-element elementor-element-77560c38 elementor-section-boxed elementor-section-height-default elementor-section-height-default\" data-id=\"77560c38\" data-element_type=\"section\">\n\t\t\t\t\t\t<div class=\"elementor-container elementor-column-gap-default\">\n\t\t\t\t\t<div class=\"elementor-column elementor-col-100 elementor-top-column elementor-element elementor-element-24d26a2f\" data-id=\"24d26a2f\" data-element_type=\"column\">\n\t\t\t<div class=\"elementor-widget-wrap elementor-element-populated\">\n\t\t\t\t\t\t<div class=\"elementor-element elementor-element-2c80b051 elementor-widget elementor-widget-text-editor\" data-id=\"2c80b051\" data-element_type=\"widget\" data-widget_type=\"text-editor.default\">\n\t\t\t\t<div class=\"elementor-widget-container\">\n\t\t\t\t\t\t\t\t\t\n<p>H\u00e4r kommer vi att dela med oss av tips och nyheter f\u00f6r hotell. Det kan vara allt fr\u00e5n hur man kan h\u00e5lla kostnader nere till nya teknologier inom hotellbranschen. <\/p>\n\n\n<ul class=\"wp-block-latest-posts__list is-grid columns-3 wp-block-latest-posts\"><li><a class=\"wp-block-latest-posts__post-title\" href=\"https:\/\/www.gastklubben.se\/?p=112\">Golfspelare som vill ha en unik upplevelse<\/a><\/li>\n<li><a class=\"wp-block-latest-posts__post-title\" href=\"https:\/\/www.gastklubben.se\/?p=82\">Vi sl\u00e5r upp portarna i Malaga<\/a><\/li>\n<li><a class=\"wp-block-latest-posts__post-title\" href=\"https:\/\/www.gastklubben.se\/?p=73\">Hotellst\u00e4dning<\/a><\/li>\n<li><a class=\"wp-block-latest-posts__post-title\" href=\"https:\/\/www.gastklubben.se\/?p=60\">Skrivare till hotell<\/a><\/li>\n<\/ul>\t\t\t\t\t\t\t\t<\/div>\n\t\t\t\t<\/div>\n\t\t\t\t\t<\/div>\n\t\t<\/div>\n\t\t\t\t\t<\/div>\n\t\t<\/section>\n\t\t\t\t<section class=\"elementor-section elementor-top-section elementor-element elementor-element-bd90cf4 elementor-section-boxed elementor-section-height-default elementor-section-height-default\" data-id=\"bd90cf4\" data-element_type=\"section\">\n\t\t\t\t\t\t<div class=\"elementor-container elementor-column-gap-default\">\n\t\t\t\t\t<div class=\"elementor-column elementor-col-100 elementor-top-column elementor-element elementor-element-308aff0\" data-id=\"308aff0\" data-element_type=\"column\">\n\t\t\t<div class=\"elementor-widget-wrap elementor-element-populated\">\n\t\t\t\t\t\t<div class=\"elementor-element elementor-element-38bc616 elementor-widget elementor-widget-eae_postgrid\" data-id=\"38bc616\" data-element_type=\"widget\" data-widget_type=\"eae_postgrid.default\">\n\t\t\t\t<div class=\"elementor-widget-container\">\n\t\t\t\t\t\n                    <div class=\"eae-postgrid eae-grid\" data-padding-right=\"8\">\n                                <div class=\"single-blog col-eae-4 eae-grid-item\" style=\"margin-bottom: 8px;\">\n                <div class=\"eae-blog-grid\">\n                                            <div class=\"blog-image image-container\">\n                            <img decoding=\"async\" src=\"https:\/\/www.gastklubben.se\/wp-content\/plugins\/elementor\/assets\/images\/placeholder.png\" alt=\"Golfspelare som vill ha en unik upplevelse\">                        <\/div><!-- \/.image-container -->\n                    \n                    <div class=\"single-blog-content\">\n                                                <div class=\"excerpt-container\">\n                            <h2 class=\"eae_post_title\"><a href=\"https:\/\/www.gastklubben.se\/?p=112\" rel=\"bookmark\">Golfspelare som vill ha en unik upplevelse<\/a><\/h2><p class='post-excerpt'>Om du letar efter en of\u00f6rgl\u00f6mlig golfupplevelse finns det inget b\u00e4ttre st\u00e4lle att sl\u00e5 ut p\u00e5 golfbanan \u00e4n Frankrike. Fr\u00e5n den fantastiska naturen och banor i v\u00e4rldsklass till den uts\u00f6kta maten och den vackra arkitekturen erbjuder Frankrike n\u00e5got f\u00f6r alla typer av golfare. L\u00e5t oss... <\/p>                                                            <a href=\"https:\/\/www.gastklubben.se\/?p=112\">\n                                    <p class='eae-rm-text'>L\u00e4s mer \u00bb<\/p>                                <\/a>\n                                                    <\/div><!-- \/.excerpt-container -->\n                    <\/div><!-- \/.single-blog-content -->\n                <\/div><!-- \/.eae-blog-grid -->\n            <\/div><!-- \/.single-blog -->\n                                <div class=\"single-blog col-eae-4 eae-grid-item\" style=\"margin-bottom: 8px;\">\n                <div class=\"eae-blog-grid\">\n                                            <div class=\"blog-image image-container\">\n                            <img fetchpriority=\"high\" width=\"960\" height=\"960\" src=\"https:\/\/www.gastklubben.se\/wp-content\/uploads\/2021\/02\/Malaga-stad-1024x1024.png\" class=\"attachment-large size-large wp-image-83\" alt=\"\" decoding=\"async\" srcset=\"https:\/\/www.gastklubben.se\/wp-content\/uploads\/2021\/02\/Malaga-stad-1024x1024.png 1024w, https:\/\/www.gastklubben.se\/wp-content\/uploads\/2021\/02\/Malaga-stad-300x300.png 300w, https:\/\/www.gastklubben.se\/wp-content\/uploads\/2021\/02\/Malaga-stad-150x150.png 150w, https:\/\/www.gastklubben.se\/wp-content\/uploads\/2021\/02\/Malaga-stad-768x768.png 768w, https:\/\/www.gastklubben.se\/wp-content\/uploads\/2021\/02\/Malaga-stad-75x75.png 75w, https:\/\/www.gastklubben.se\/wp-content\/uploads\/2021\/02\/Malaga-stad.png 1080w\" sizes=\"(max-width: 960px) 100vw, 960px\" \/>                        <\/div><!-- \/.image-container -->\n                    \n                    <div class=\"single-blog-content\">\n                                                <div class=\"excerpt-container\">\n                            <h2 class=\"eae_post_title\"><a href=\"https:\/\/www.gastklubben.se\/?p=82\" rel=\"bookmark\">Vi sl\u00e5r upp portarna i Malaga<\/a><\/h2><p class='post-excerpt'>D\u00e5 \u00e4r det \u00e4ntligen dags efter flera \u00e5r av planerande och byggen att snart \u00f6ppna v\u00e5rt nya hotell i Malaga. Den 22 September kommer vi sl\u00e5 upp portarna till ett splitter nytt hotell med 220 rum. P\u00e5 hotellet finns gym, 5 pool-omr\u00e5den, barn-avdelning, spa, 3... <\/p>                                                            <a href=\"https:\/\/www.gastklubben.se\/?p=82\">\n                                    <p class='eae-rm-text'>L\u00e4s mer \u00bb<\/p>                                <\/a>\n                                                    <\/div><!-- \/.excerpt-container -->\n                    <\/div><!-- \/.single-blog-content -->\n                <\/div><!-- \/.eae-blog-grid -->\n            <\/div><!-- \/.single-blog -->\n                                <div class=\"single-blog col-eae-4 eae-grid-item\" style=\"margin-bottom: 8px;\">\n                <div class=\"eae-blog-grid\">\n                                            <div class=\"blog-image image-container\">\n                            <img width=\"960\" height=\"240\" src=\"https:\/\/www.gastklubben.se\/wp-content\/uploads\/2020\/06\/hotellst\u00e4dning-1800-1024x256.png\" class=\"attachment-large size-large wp-image-77\" alt=\"\" decoding=\"async\" srcset=\"https:\/\/www.gastklubben.se\/wp-content\/uploads\/2020\/06\/hotellst\u00e4dning-1800-1024x256.png 1024w, https:\/\/www.gastklubben.se\/wp-content\/uploads\/2020\/06\/hotellst\u00e4dning-1800-300x75.png 300w, https:\/\/www.gastklubben.se\/wp-content\/uploads\/2020\/06\/hotellst\u00e4dning-1800-768x192.png 768w, https:\/\/www.gastklubben.se\/wp-content\/uploads\/2020\/06\/hotellst\u00e4dning-1800-1536x384.png 1536w, https:\/\/www.gastklubben.se\/wp-content\/uploads\/2020\/06\/hotellst\u00e4dning-1800-1140x285.png 1140w, https:\/\/www.gastklubben.se\/wp-content\/uploads\/2020\/06\/hotellst\u00e4dning-1800.png 1800w\" sizes=\"(max-width: 960px) 100vw, 960px\" \/>                        <\/div><!-- \/.image-container -->\n                    \n                    <div class=\"single-blog-content\">\n                                                <div class=\"excerpt-container\">\n                            <h2 class=\"eae_post_title\"><a href=\"https:\/\/www.gastklubben.se\/?p=73\" rel=\"bookmark\">Hotellst\u00e4dning<\/a><\/h2><p class='post-excerpt'>En mycket viktig del f\u00f6r ett hotell \u00e4r att det \u00e4r rent och st\u00e4dat. Kunderna vill inte t\u00e4nka p\u00e5 att fler personer har bott i rummet utan f\u00e5 en k\u00e4nsla av att det inte varit n\u00e5gon d\u00e4r innan. \u00c4r det fl\u00e4ckar p\u00e5 golvet, \u00f6verkast etcetera... <\/p>                                                            <a href=\"https:\/\/www.gastklubben.se\/?p=73\">\n                                    <p class='eae-rm-text'>L\u00e4s mer \u00bb<\/p>                                <\/a>\n                                                    <\/div><!-- \/.excerpt-container -->\n                    <\/div><!-- \/.single-blog-content -->\n                <\/div><!-- \/.eae-blog-grid -->\n            <\/div><!-- \/.single-blog -->\n                    <\/div><!-- \/.eae-postgrid -->\n                \t\t\t\t<\/div>\n\t\t\t\t<\/div>\n\t\t\t\t\t<\/div>\n\t\t<\/div>\n\t\t\t\t\t<\/div>\n\t\t<\/section>\n\t\t\t\t<\/div>\n\t\t","protected":false},"excerpt":{"rendered":"<p>H\u00e4r kommer vi att dela med oss av tips och nyheter f\u00f6r hotell. Det kan vara allt fr\u00e5n hur man kan h\u00e5lla kostnader nere till nya teknologier inom hotellbranschen. Skrivare till hotell En viktig produkt p\u00e5 ett hotell \u00e4r en bra skrivare. M\u00e5nga kunder vill fortfarande ha sina kvitton utskrivna p\u00e5 ett papper. De vill kunna se vilka kostnader som har lagts p\u00e5 rummet samt i en del fall beh\u00f6ver de detta f\u00f6r bokf\u00f6ringen om de har&#8230; L\u00e4s mer \u00bb<\/p>\n","protected":false},"author":1,"featured_media":0,"parent":0,"menu_order":0,"comment_status":"closed","ping_status":"closed","template":"","meta":{"footnotes":""},"_links":{"self":[{"href":"https:\/\/www.gastklubben.se\/index.php?rest_route=\/wp\/v2\/pages\/62"}],"collection":[{"href":"https:\/\/www.gastklubben.se\/index.php?rest_route=\/wp\/v2\/pages"}],"about":[{"href":"https:\/\/www.gastklubben.se\/index.php?rest_route=\/wp\/v2\/types\/page"}],"author":[{"embeddable":true,"href":"https:\/\/www.gastklubben.se\/index.php?rest_route=\/wp\/v2\/users\/1"}],"replies":[{"embeddable":true,"href":"https:\/\/www.gastklubben.se\/index.php?rest_route=%2Fwp%2Fv2%2Fcomments&post=62"}],"version-history":[{"count":3,"href":"https:\/\/www.gastklubben.se\/index.php?rest_route=\/wp\/v2\/pages\/62\/revisions"}],"predecessor-version":[{"id":71,"href":"https:\/\/www.gastklubben.se\/index.php?rest_route=\/wp\/v2\/pages\/62\/revisions\/71"}],"wp:attachment":[{"href":"https:\/\/www.gastklubben.se\/index.php?rest_route=%2Fwp%2Fv2%2Fmedia&parent=62"}],"curies":[{"name":"wp","href":"https:\/\/api.w.org\/{rel}","templated":true}]}}