{"id":42,"date":"2020-04-28T10:43:20","date_gmt":"2020-04-28T09:43:20","guid":{"rendered":"http:\/\/www.gastklubben.se\/?page_id=42"},"modified":"2020-04-28T10:47:36","modified_gmt":"2020-04-28T09:47:36","slug":"hotell-utomlands","status":"publish","type":"page","link":"https:\/\/www.gastklubben.se\/?page_id=42","title":{"rendered":"Hotell utomlands"},"content":{"rendered":"\t\t<div data-elementor-type=\"wp-page\" data-elementor-id=\"42\" class=\"elementor elementor-42\">\n\t\t\t\t\t\t<section class=\"elementor-section elementor-top-section elementor-element elementor-element-88a788f elementor-section-boxed elementor-section-height-default elementor-section-height-default\" data-id=\"88a788f\" data-element_type=\"section\">\n\t\t\t\t\t\t<div class=\"elementor-container elementor-column-gap-default\">\n\t\t\t\t\t<div class=\"elementor-column elementor-col-100 elementor-top-column elementor-element elementor-element-ae27253\" data-id=\"ae27253\" data-element_type=\"column\">\n\t\t\t<div class=\"elementor-widget-wrap elementor-element-populated\">\n\t\t\t\t\t\t<div class=\"elementor-element elementor-element-effba8c elementor-widget elementor-widget-heading\" data-id=\"effba8c\" data-element_type=\"widget\" data-widget_type=\"heading.default\">\n\t\t\t\t<div class=\"elementor-widget-container\">\n\t\t\t\t\t<h2 class=\"elementor-heading-title elementor-size-default\">Tyskland, \u00d6sterrike, Schweiz<\/h2>\t\t\t\t<\/div>\n\t\t\t\t<\/div>\n\t\t\t\t\t<\/div>\n\t\t<\/div>\n\t\t\t\t\t<\/div>\n\t\t<\/section>\n\t\t\t\t<section class=\"elementor-section elementor-top-section elementor-element elementor-element-341c448 elementor-section-boxed elementor-section-height-default elementor-section-height-default\" data-id=\"341c448\" data-element_type=\"section\">\n\t\t\t\t\t\t<div class=\"elementor-container elementor-column-gap-default\">\n\t\t\t\t\t<div class=\"elementor-column elementor-col-100 elementor-top-column elementor-element elementor-element-4bbf268\" data-id=\"4bbf268\" data-element_type=\"column\">\n\t\t\t<div class=\"elementor-widget-wrap elementor-element-populated\">\n\t\t\t\t\t\t<div class=\"elementor-element elementor-element-bb7a238 elementor-widget elementor-widget-text-editor\" data-id=\"bb7a238\" data-element_type=\"widget\" data-widget_type=\"text-editor.default\">\n\t\t\t\t<div class=\"elementor-widget-container\">\n\t\t\t\t\t\t\t\t\t<p><b>Nu kan du \u00e4ven anv\u00e4nda dina insamlade po\u00e4ng i utlandet. <a href=\"http:\/\/www.akzent.de\/\" target=\"_blank\" rel=\"noopener\">Akzent Hotels<\/a>\u00a0best\u00e5r av ett hundratal privat\u00e4gda hotell och finns i Tyskland, Schweiz och \u00d6sterrike. Alla hotell \u00e4r 3- eller 4-stj\u00e4rniga.<\/b><br \/><br \/>Du k\u00f6per helt enkelt en voucher f\u00f6r 20 000 po\u00e4ng som du kan anv\u00e4nda p\u00e5 Akzents hotell. Vouchern g\u00e4ller f\u00f6r boende 1 natt i dubbelrum. Gl\u00f6m inte att boka i f\u00f6rv\u00e4g och uppge att du har en voucher &#8211; telefonnummer till hotellen finner du p\u00e5\u00a0<a href=\"http:\/\/www.akzent.de\/\" target=\"_blank\" rel=\"noopener\">Akzents hemsida<\/a>.\u00a0<\/p>\t\t\t\t\t\t\t\t<\/div>\n\t\t\t\t<\/div>\n\t\t\t\t\t<\/div>\n\t\t<\/div>\n\t\t\t\t\t<\/div>\n\t\t<\/section>\n\t\t\t\t<section class=\"elementor-section elementor-top-section elementor-element elementor-element-9307b6b elementor-section-boxed elementor-section-height-default elementor-section-height-default\" data-id=\"9307b6b\" data-element_type=\"section\">\n\t\t\t\t\t\t<div class=\"elementor-container elementor-column-gap-default\">\n\t\t\t\t\t<div class=\"elementor-column elementor-col-100 elementor-top-column elementor-element elementor-element-bfbc6d8\" data-id=\"bfbc6d8\" data-element_type=\"column\">\n\t\t\t<div class=\"elementor-widget-wrap elementor-element-populated\">\n\t\t\t\t\t\t<div class=\"elementor-element elementor-element-8300a64 elementor-widget elementor-widget-spacer\" data-id=\"8300a64\" data-element_type=\"widget\" data-widget_type=\"spacer.default\">\n\t\t\t\t<div class=\"elementor-widget-container\">\n\t\t\t\t\t\t\t<div class=\"elementor-spacer\">\n\t\t\t<div class=\"elementor-spacer-inner\"><\/div>\n\t\t<\/div>\n\t\t\t\t\t\t<\/div>\n\t\t\t\t<\/div>\n\t\t\t\t\t<\/div>\n\t\t<\/div>\n\t\t\t\t\t<\/div>\n\t\t<\/section>\n\t\t\t\t<section class=\"elementor-section elementor-top-section elementor-element elementor-element-f7f5b7b elementor-section-boxed elementor-section-height-default elementor-section-height-default\" data-id=\"f7f5b7b\" data-element_type=\"section\">\n\t\t\t\t\t\t<div class=\"elementor-container elementor-column-gap-default\">\n\t\t\t\t\t<div class=\"elementor-column elementor-col-100 elementor-top-column elementor-element elementor-element-afc575c\" data-id=\"afc575c\" data-element_type=\"column\">\n\t\t\t<div class=\"elementor-widget-wrap elementor-element-populated\">\n\t\t\t\t\t\t<div class=\"elementor-element elementor-element-426ce31 elementor-widget elementor-widget-heading\" data-id=\"426ce31\" data-element_type=\"widget\" data-widget_type=\"heading.default\">\n\t\t\t\t<div class=\"elementor-widget-container\">\n\t\t\t\t\t<h2 class=\"elementor-heading-title elementor-size-default\">Italien<\/h2>\t\t\t\t<\/div>\n\t\t\t\t<\/div>\n\t\t\t\t\t<\/div>\n\t\t<\/div>\n\t\t\t\t\t<\/div>\n\t\t<\/section>\n\t\t\t\t<section class=\"elementor-section elementor-top-section elementor-element elementor-element-ea10e36 elementor-section-boxed elementor-section-height-default elementor-section-height-default\" data-id=\"ea10e36\" data-element_type=\"section\">\n\t\t\t\t\t\t<div class=\"elementor-container elementor-column-gap-default\">\n\t\t\t\t\t<div class=\"elementor-column elementor-col-100 elementor-top-column elementor-element elementor-element-4ad1701\" data-id=\"4ad1701\" data-element_type=\"column\">\n\t\t\t<div class=\"elementor-widget-wrap elementor-element-populated\">\n\t\t\t\t\t\t<div class=\"elementor-element elementor-element-a1ad30c elementor-widget elementor-widget-text-editor\" data-id=\"a1ad30c\" data-element_type=\"widget\" data-widget_type=\"text-editor.default\">\n\t\t\t\t<div class=\"elementor-widget-container\">\n\t\t\t\t\t\t\t\t\t<p><b>Nu kan du \u00e4ven anv\u00e4nda dina intj\u00e4nade po\u00e4ng p\u00e5 Villa Quaranta utanf\u00f6r Verona i Italien.<\/b><br \/><br \/>Hotellet erbjuder flera attraktiva paket. Du k\u00f6per helt enkelt ett presentkort fr\u00e5n g\u00e4stklubben f\u00f6r dina intj\u00e4nade po\u00e4ng och anv\u00e4nder som betalningsmedel p\u00e5 hotellet. Samtliga paket finns ocks\u00e5 i Euro &#8211; kontakta hotellet direkt f\u00f6r mer information. Uppge alltid Sweden Hotels n\u00e4r du kontaktar Villa Quaranta.<\/p>\t\t\t\t\t\t\t\t<\/div>\n\t\t\t\t<\/div>\n\t\t\t\t\t<\/div>\n\t\t<\/div>\n\t\t\t\t\t<\/div>\n\t\t<\/section>\n\t\t\t\t<section class=\"elementor-section elementor-top-section elementor-element elementor-element-702c072 elementor-section-boxed elementor-section-height-default elementor-section-height-default\" data-id=\"702c072\" data-element_type=\"section\">\n\t\t\t\t\t\t<div class=\"elementor-container elementor-column-gap-default\">\n\t\t\t\t\t<div class=\"elementor-column elementor-col-100 elementor-top-column elementor-element elementor-element-6608a16\" data-id=\"6608a16\" data-element_type=\"column\">\n\t\t\t<div class=\"elementor-widget-wrap elementor-element-populated\">\n\t\t\t\t\t\t<div class=\"elementor-element elementor-element-74e7b2c elementor-widget elementor-widget-text-editor\" data-id=\"74e7b2c\" data-element_type=\"widget\" data-widget_type=\"text-editor.default\">\n\t\t\t\t<div class=\"elementor-widget-container\">\n\t\t\t\t\t\t\t\t\t<p>*Kontrollera alltid med g\u00e4stklubben eller hotellen innan f\u00f6r att se om dessa erbjudanden fortfarande g\u00e4ller. Detta \u00e4r en sida om g\u00e4stklubben ej en sida av g\u00e4stklubben.\u00a0<\/p>\t\t\t\t\t\t\t\t<\/div>\n\t\t\t\t<\/div>\n\t\t\t\t\t<\/div>\n\t\t<\/div>\n\t\t\t\t\t<\/div>\n\t\t<\/section>\n\t\t\t\t<\/div>\n\t\t","protected":false},"excerpt":{"rendered":"<p>Tyskland, \u00d6sterrike, Schweiz Nu kan du \u00e4ven anv\u00e4nda dina insamlade po\u00e4ng i utlandet. Akzent Hotels\u00a0best\u00e5r av ett hundratal privat\u00e4gda hotell och finns i Tyskland, Schweiz och \u00d6sterrike. Alla hotell \u00e4r 3- eller 4-stj\u00e4rniga. Du k\u00f6per helt enkelt en voucher f\u00f6r 20 000 po\u00e4ng som du kan anv\u00e4nda p\u00e5 Akzents hotell. Vouchern g\u00e4ller f\u00f6r boende 1 natt i dubbelrum. Gl\u00f6m inte att boka i f\u00f6rv\u00e4g och uppge att du har en voucher &#8211; telefonnummer till hotellen finner du p\u00e5\u00a0Akzents hemsida.\u00a0 Italien Nu kan du \u00e4ven anv\u00e4nda dina intj\u00e4nade po\u00e4ng p\u00e5 Villa Quaranta utanf\u00f6r Verona i Italien. Hotellet erbjuder flera attraktiva paket. Du k\u00f6per helt enkelt ett presentkort fr\u00e5n g\u00e4stklubben f\u00f6r dina intj\u00e4nade po\u00e4ng och anv\u00e4nder som betalningsmedel p\u00e5 hotellet. Samtliga paket finns ocks\u00e5 i Euro &#8211; kontakta hotellet direkt f\u00f6r mer information. Uppge alltid Sweden Hotels n\u00e4r du kontaktar Villa Quaranta. *Kontrollera alltid med g\u00e4stklubben eller hotellen innan f\u00f6r att se om dessa erbjudanden fortfarande g\u00e4ller. Detta \u00e4r en sida om g\u00e4stklubben ej en sida av g\u00e4stklubben.\u00a0<\/p>\n","protected":false},"author":1,"featured_media":0,"parent":0,"menu_order":0,"comment_status":"closed","ping_status":"closed","template":"","meta":{"footnotes":""},"_links":{"self":[{"href":"https:\/\/www.gastklubben.se\/index.php?rest_route=\/wp\/v2\/pages\/42"}],"collection":[{"href":"https:\/\/www.gastklubben.se\/index.php?rest_route=\/wp\/v2\/pages"}],"about":[{"href":"https:\/\/www.gastklubben.se\/index.php?rest_route=\/wp\/v2\/types\/page"}],"author":[{"embeddable":true,"href":"https:\/\/www.gastklubben.se\/index.php?rest_route=\/wp\/v2\/users\/1"}],"replies":[{"embeddable":true,"href":"https:\/\/www.gastklubben.se\/index.php?rest_route=%2Fwp%2Fv2%2Fcomments&post=42"}],"version-history":[{"count":2,"href":"https:\/\/www.gastklubben.se\/index.php?rest_route=\/wp\/v2\/pages\/42\/revisions"}],"predecessor-version":[{"id":44,"href":"https:\/\/www.gastklubben.se\/index.php?rest_route=\/wp\/v2\/pages\/42\/revisions\/44"}],"wp:attachment":[{"href":"https:\/\/www.gastklubben.se\/index.php?rest_route=%2Fwp%2Fv2%2Fmedia&parent=42"}],"curies":[{"name":"wp","href":"https:\/\/api.w.org\/{rel}","templated":true}]}}