{"id":2,"date":"2020-03-04T20:26:49","date_gmt":"2020-03-04T20:26:49","guid":{"rendered":"http:\/\/www.gastklubben.se\/?page_id=2"},"modified":"2021-10-21T10:15:21","modified_gmt":"2021-10-21T09:15:21","slug":"sample-page","status":"publish","type":"page","link":"https:\/\/www.gastklubben.se\/","title":{"rendered":"Hem"},"content":{"rendered":"\t\t<div data-elementor-type=\"wp-page\" data-elementor-id=\"2\" class=\"elementor elementor-2\">\n\t\t\t\t\t\t<section class=\"elementor-section elementor-top-section elementor-element elementor-element-3bd70ad8 elementor-section-boxed elementor-section-height-default elementor-section-height-default\" data-id=\"3bd70ad8\" data-element_type=\"section\">\n\t\t\t\t\t\t<div class=\"elementor-container elementor-column-gap-default\">\n\t\t\t\t\t<div class=\"elementor-column elementor-col-100 elementor-top-column elementor-element elementor-element-4293a16\" data-id=\"4293a16\" data-element_type=\"column\">\n\t\t\t<div class=\"elementor-widget-wrap\">\n\t\t\t\t\t\t\t<\/div>\n\t\t<\/div>\n\t\t\t\t\t<\/div>\n\t\t<\/section>\n\t\t\t\t<section class=\"elementor-section elementor-top-section elementor-element elementor-element-a375f00 elementor-section-boxed elementor-section-height-default elementor-section-height-default\" data-id=\"a375f00\" data-element_type=\"section\">\n\t\t\t\t\t\t<div class=\"elementor-container elementor-column-gap-default\">\n\t\t\t\t\t<div class=\"elementor-column elementor-col-50 elementor-top-column elementor-element elementor-element-874d3e0\" data-id=\"874d3e0\" data-element_type=\"column\">\n\t\t\t<div class=\"elementor-widget-wrap elementor-element-populated\">\n\t\t\t\t\t\t<div class=\"elementor-element elementor-element-3296820 elementor-widget elementor-widget-text-editor\" data-id=\"3296820\" data-element_type=\"widget\" data-widget_type=\"text-editor.default\">\n\t\t\t\t<div class=\"elementor-widget-container\">\n\t\t\t\t\t\t\t\t\t<p><b>Sweden Hotels \u00e4r en rikst\u00e4ckande hotellkedja i st\u00e4ndig tillv\u00e4xt. Deras m\u00e5ls\u00e4ttning \u00e4r att vara landets b\u00e4sta hotellkedja med privat\u00e4gda och personliga hotell. Sweden Hotels grundades 1977.\u00a0<\/b><br \/><br \/><b>V\u00e4lsk\u00f6tta &amp; trivsamma aff\u00e4rshotell<\/b><br \/><a href=\"http:\/\/www.swedenhotels.se\/\" target=\"_blank\" rel=\"noopener\">Sweden Hotels<\/a> medlemshotell \u00e4r personliga, privat\u00e4gda, v\u00e4lsk\u00f6tta tre- och fyrstj\u00e4rniga aff\u00e4rshotell. F\u00f6rhoppningen \u00e4r att du skall trivas p\u00e5 deras hotell och vilja bes\u00f6ka dem fler g\u00e5nger!<\/p>\t\t\t\t\t\t\t\t<\/div>\n\t\t\t\t<\/div>\n\t\t\t\t\t<\/div>\n\t\t<\/div>\n\t\t\t\t<div class=\"elementor-column elementor-col-25 elementor-top-column elementor-element elementor-element-f54dbba\" data-id=\"f54dbba\" data-element_type=\"column\">\n\t\t\t<div class=\"elementor-widget-wrap elementor-element-populated\">\n\t\t\t\t\t\t<div class=\"elementor-element elementor-element-1d4f3dd elementor-widget elementor-widget-image\" data-id=\"1d4f3dd\" data-element_type=\"widget\" data-widget_type=\"image.default\">\n\t\t\t\t<div class=\"elementor-widget-container\">\n\t\t\t\t\t\t\t\t\t\t\t\t\t\t\t<img fetchpriority=\"high\" decoding=\"async\" width=\"550\" height=\"450\" src=\"https:\/\/www.gastklubben.se\/wp-content\/uploads\/2020\/04\/hotell2.png\" class=\"attachment-full size-full wp-image-38\" alt=\"\" srcset=\"https:\/\/www.gastklubben.se\/wp-content\/uploads\/2020\/04\/hotell2.png 550w, https:\/\/www.gastklubben.se\/wp-content\/uploads\/2020\/04\/hotell2-300x245.png 300w\" sizes=\"(max-width: 550px) 100vw, 550px\" \/>\t\t\t\t\t\t\t\t\t\t\t\t\t\t\t<\/div>\n\t\t\t\t<\/div>\n\t\t\t\t\t<\/div>\n\t\t<\/div>\n\t\t\t\t<div class=\"elementor-column elementor-col-25 elementor-top-column elementor-element elementor-element-c5482b6\" data-id=\"c5482b6\" data-element_type=\"column\">\n\t\t\t<div class=\"elementor-widget-wrap elementor-element-populated\">\n\t\t\t\t\t\t<div class=\"elementor-element elementor-element-38ea0b8 elementor-widget elementor-widget-image\" data-id=\"38ea0b8\" data-element_type=\"widget\" data-widget_type=\"image.default\">\n\t\t\t\t<div class=\"elementor-widget-container\">\n\t\t\t\t\t\t\t\t\t\t\t\t\t\t\t<img decoding=\"async\" width=\"2000\" height=\"1280\" src=\"https:\/\/www.gastklubben.se\/wp-content\/uploads\/2020\/04\/hotell.png\" class=\"attachment-full size-full wp-image-37\" alt=\"\" srcset=\"https:\/\/www.gastklubben.se\/wp-content\/uploads\/2020\/04\/hotell.png 2000w, https:\/\/www.gastklubben.se\/wp-content\/uploads\/2020\/04\/hotell-300x192.png 300w, https:\/\/www.gastklubben.se\/wp-content\/uploads\/2020\/04\/hotell-1024x655.png 1024w, https:\/\/www.gastklubben.se\/wp-content\/uploads\/2020\/04\/hotell-768x492.png 768w, https:\/\/www.gastklubben.se\/wp-content\/uploads\/2020\/04\/hotell-1536x983.png 1536w, https:\/\/www.gastklubben.se\/wp-content\/uploads\/2020\/04\/hotell-1140x730.png 1140w\" sizes=\"(max-width: 2000px) 100vw, 2000px\" \/>\t\t\t\t\t\t\t\t\t\t\t\t\t\t\t<\/div>\n\t\t\t\t<\/div>\n\t\t\t\t\t<\/div>\n\t\t<\/div>\n\t\t\t\t\t<\/div>\n\t\t<\/section>\n\t\t\t\t<section class=\"elementor-section elementor-top-section elementor-element elementor-element-b1189e2 elementor-section-boxed elementor-section-height-default elementor-section-height-default\" data-id=\"b1189e2\" data-element_type=\"section\">\n\t\t\t\t\t\t<div class=\"elementor-container elementor-column-gap-default\">\n\t\t\t\t\t<div class=\"elementor-column elementor-col-100 elementor-top-column elementor-element elementor-element-2b3fc9b\" data-id=\"2b3fc9b\" data-element_type=\"column\">\n\t\t\t<div class=\"elementor-widget-wrap elementor-element-populated\">\n\t\t\t\t\t\t<div class=\"elementor-element elementor-element-3afb490 elementor-widget elementor-widget-spacer\" data-id=\"3afb490\" data-element_type=\"widget\" data-widget_type=\"spacer.default\">\n\t\t\t\t<div class=\"elementor-widget-container\">\n\t\t\t\t\t\t\t<div class=\"elementor-spacer\">\n\t\t\t<div class=\"elementor-spacer-inner\"><\/div>\n\t\t<\/div>\n\t\t\t\t\t\t<\/div>\n\t\t\t\t<\/div>\n\t\t\t\t\t<\/div>\n\t\t<\/div>\n\t\t\t\t\t<\/div>\n\t\t<\/section>\n\t\t\t\t<section class=\"elementor-section elementor-top-section elementor-element elementor-element-b712c47 elementor-section-boxed elementor-section-height-default elementor-section-height-default\" data-id=\"b712c47\" data-element_type=\"section\">\n\t\t\t\t\t\t<div class=\"elementor-container elementor-column-gap-default\">\n\t\t\t\t\t<div class=\"elementor-column elementor-col-100 elementor-top-column elementor-element elementor-element-517fbad\" data-id=\"517fbad\" data-element_type=\"column\">\n\t\t\t<div class=\"elementor-widget-wrap elementor-element-populated\">\n\t\t\t\t\t\t<div class=\"elementor-element elementor-element-4794e0e elementor-widget elementor-widget-heading\" data-id=\"4794e0e\" data-element_type=\"widget\" data-widget_type=\"heading.default\">\n\t\t\t\t<div class=\"elementor-widget-container\">\n\t\t\t\t\t<h2 class=\"elementor-heading-title elementor-size-default\">G\u00e4stklubben - Sweden Hotels lojalitetsprogram<\/h2>\t\t\t\t<\/div>\n\t\t\t\t<\/div>\n\t\t\t\t\t<\/div>\n\t\t<\/div>\n\t\t\t\t\t<\/div>\n\t\t<\/section>\n\t\t\t\t<section class=\"elementor-section elementor-top-section elementor-element elementor-element-87b364c elementor-section-boxed elementor-section-height-default elementor-section-height-default\" data-id=\"87b364c\" data-element_type=\"section\">\n\t\t\t\t\t\t<div class=\"elementor-container elementor-column-gap-default\">\n\t\t\t\t\t<div class=\"elementor-column elementor-col-100 elementor-top-column elementor-element elementor-element-d294a00\" data-id=\"d294a00\" data-element_type=\"column\">\n\t\t\t<div class=\"elementor-widget-wrap elementor-element-populated\">\n\t\t\t\t\t\t<div class=\"elementor-element elementor-element-e46b5d6 elementor-widget elementor-widget-text-editor\" data-id=\"e46b5d6\" data-element_type=\"widget\" data-widget_type=\"text-editor.default\">\n\t\t\t\t<div class=\"elementor-widget-container\">\n\t\t\t\t\t\t\t\t\t<p>G\u00e4stklubben \u00e4r kund- och lojalitetsklubben som s\u00e4tter g\u00e4sterna fr\u00e4mst. Som medlem i G\u00e4stklubben f\u00e5r du f\u00f6rm\u00e5ner p\u00e5 hotellen och samlar po\u00e4ng som du sedan kan utnyttja till hotell\u00f6vernattningar i Sverige och utomlands, f\u00f6rm\u00e5nliga paketerbjudanden eller k\u00f6p av varor i g\u00e4stklubbens webbshop.\u00a0<\/p><p>Vi samarbetar med f\u00f6retaget G\u00e5vokortspecialisten som \u00e4r en leverant\u00f6r av g\u00e5vokort till anst\u00e4llda i julklapp. \u00c4r ni intresserad av G\u00e5vokort i Julklapp? Uppge koden <a href=\"https:\/\/www.xn--gvokortspecialisten-0wb.se\/\">g\u00e5vokort julklapp<\/a> n\u00e4r du handlar p\u00e5 deras sida s\u00e5 f\u00e5r ni 10% i rabatt.\u00a0<\/p><p><b>Fenix Hospitality Sweden AB<\/b> \u00e4ger och f\u00f6rvaltar varum\u00e4rkena Sweden Hotels och G\u00e4stklubben VVV. Deras m\u00e5lgrupp \u00e4r privat\u00e4gda, personliga och v\u00e4lsk\u00f6tta konferens- och aff\u00e4rshotell. Har du ett hotell som du tror passar in i deras koncept, bes\u00f6k g\u00e4rna deras hemsida <a href=\"http:\/\/www.fenixhospitality.se\/\" target=\"_blank\" rel=\"noopener\">Fenix Hospitality<\/a>\u00a0f\u00f6r mer information.<\/p><p><b>V\u00e4lkommen till Sweden Hotels &#8211; de personliga hotellen!<\/b><\/p>\t\t\t\t\t\t\t\t<\/div>\n\t\t\t\t<\/div>\n\t\t\t\t\t<\/div>\n\t\t<\/div>\n\t\t\t\t\t<\/div>\n\t\t<\/section>\n\t\t\t\t<\/div>\n\t\t","protected":false},"excerpt":{"rendered":"<p>Sweden Hotels \u00e4r en rikst\u00e4ckande hotellkedja i st\u00e4ndig tillv\u00e4xt. Deras m\u00e5ls\u00e4ttning \u00e4r att vara landets b\u00e4sta hotellkedja med privat\u00e4gda och personliga hotell. Sweden Hotels grundades 1977.\u00a0 V\u00e4lsk\u00f6tta &amp; trivsamma aff\u00e4rshotellSweden Hotels medlemshotell \u00e4r personliga, privat\u00e4gda, v\u00e4lsk\u00f6tta tre- och fyrstj\u00e4rniga aff\u00e4rshotell. F\u00f6rhoppningen \u00e4r att du skall trivas p\u00e5 deras hotell och vilja bes\u00f6ka dem fler g\u00e5nger! G\u00e4stklubben &#8211; Sweden Hotels lojalitetsprogram G\u00e4stklubben \u00e4r kund- och lojalitetsklubben som s\u00e4tter g\u00e4sterna fr\u00e4mst. Som medlem i G\u00e4stklubben f\u00e5r du f\u00f6rm\u00e5ner p\u00e5 hotellen och samlar po\u00e4ng som du sedan kan utnyttja till hotell\u00f6vernattningar i Sverige och utomlands, f\u00f6rm\u00e5nliga paketerbjudanden eller k\u00f6p av varor i g\u00e4stklubbens webbshop.\u00a0 Vi samarbetar med f\u00f6retaget G\u00e5vokortspecialisten som \u00e4r en leverant\u00f6r av g\u00e5vokort till anst\u00e4llda i julklapp. \u00c4r ni intresserad av G\u00e5vokort i Julklapp? Uppge koden g\u00e5vokort julklapp n\u00e4r du handlar p\u00e5 deras sida s\u00e5 f\u00e5r ni 10% i rabatt.\u00a0 Fenix Hospitality Sweden AB \u00e4ger och f\u00f6rvaltar varum\u00e4rkena Sweden Hotels och G\u00e4stklubben VVV. Deras m\u00e5lgrupp \u00e4r privat\u00e4gda, personliga och v\u00e4lsk\u00f6tta konferens- och aff\u00e4rshotell. Har du ett hotell som du tror passar in i deras koncept, bes\u00f6k g\u00e4rna deras hemsida Fenix Hospitality\u00a0f\u00f6r mer information. V\u00e4lkommen till Sweden Hotels &#8211; de personliga hotellen!<\/p>\n","protected":false},"author":1,"featured_media":0,"parent":0,"menu_order":0,"comment_status":"closed","ping_status":"open","template":"","meta":{"footnotes":""},"_links":{"self":[{"href":"https:\/\/www.gastklubben.se\/index.php?rest_route=\/wp\/v2\/pages\/2"}],"collection":[{"href":"https:\/\/www.gastklubben.se\/index.php?rest_route=\/wp\/v2\/pages"}],"about":[{"href":"https:\/\/www.gastklubben.se\/index.php?rest_route=\/wp\/v2\/types\/page"}],"author":[{"embeddable":true,"href":"https:\/\/www.gastklubben.se\/index.php?rest_route=\/wp\/v2\/users\/1"}],"replies":[{"embeddable":true,"href":"https:\/\/www.gastklubben.se\/index.php?rest_route=%2Fwp%2Fv2%2Fcomments&post=2"}],"version-history":[{"count":8,"href":"https:\/\/www.gastklubben.se\/index.php?rest_route=\/wp\/v2\/pages\/2\/revisions"}],"predecessor-version":[{"id":110,"href":"https:\/\/www.gastklubben.se\/index.php?rest_route=\/wp\/v2\/pages\/2\/revisions\/110"}],"wp:attachment":[{"href":"https:\/\/www.gastklubben.se\/index.php?rest_route=%2Fwp%2Fv2%2Fmedia&parent=2"}],"curies":[{"name":"wp","href":"https:\/\/api.w.org\/{rel}","templated":true}]}}