{"id":10,"date":"2020-04-28T08:16:37","date_gmt":"2020-04-28T07:16:37","guid":{"rendered":"http:\/\/www.gastklubben.se\/?page_id=10"},"modified":"2020-04-28T11:00:49","modified_gmt":"2020-04-28T10:00:49","slug":"faq","status":"publish","type":"page","link":"https:\/\/www.gastklubben.se\/?page_id=10","title":{"rendered":"FAQ"},"content":{"rendered":"\t\t<div data-elementor-type=\"wp-page\" data-elementor-id=\"10\" class=\"elementor elementor-10\">\n\t\t\t\t\t\t<section class=\"elementor-section elementor-top-section elementor-element elementor-element-17616d4 elementor-section-boxed elementor-section-height-default elementor-section-height-default\" data-id=\"17616d4\" data-element_type=\"section\">\n\t\t\t\t\t\t<div class=\"elementor-container elementor-column-gap-default\">\n\t\t\t\t\t<div class=\"elementor-column elementor-col-100 elementor-top-column elementor-element elementor-element-2290d93\" data-id=\"2290d93\" data-element_type=\"column\">\n\t\t\t<div class=\"elementor-widget-wrap elementor-element-populated\">\n\t\t\t\t\t\t<div class=\"elementor-element elementor-element-3e52306 elementor-widget elementor-widget-heading\" data-id=\"3e52306\" data-element_type=\"widget\" data-widget_type=\"heading.default\">\n\t\t\t\t<div class=\"elementor-widget-container\">\n\t\t\t\t\t<h2 class=\"elementor-heading-title elementor-size-default\">H\u00e4r hittar du svaren p\u00e5 n\u00e5gra av de vanligaste fr\u00e5gorna:<\/h2>\t\t\t\t<\/div>\n\t\t\t\t<\/div>\n\t\t\t\t\t<\/div>\n\t\t<\/div>\n\t\t\t\t\t<\/div>\n\t\t<\/section>\n\t\t\t\t<section class=\"elementor-section elementor-top-section elementor-element elementor-element-53694929 elementor-section-boxed elementor-section-height-default elementor-section-height-default\" data-id=\"53694929\" data-element_type=\"section\">\n\t\t\t\t\t\t<div class=\"elementor-container elementor-column-gap-default\">\n\t\t\t\t\t<div class=\"elementor-column elementor-col-100 elementor-top-column elementor-element elementor-element-2ce66cff\" data-id=\"2ce66cff\" data-element_type=\"column\">\n\t\t\t<div class=\"elementor-widget-wrap elementor-element-populated\">\n\t\t\t\t\t\t<div class=\"elementor-element elementor-element-35eebcc6 elementor-widget elementor-widget-text-editor\" data-id=\"35eebcc6\" data-element_type=\"widget\" data-widget_type=\"text-editor.default\">\n\t\t\t\t<div class=\"elementor-widget-container\">\n\t\t\t\t\t\t\t\t\t\n<p><strong>Hur bokar jag?<\/strong><br \/>(1) Om du skall boka bonusn\u00e4tter eller paketerbjudanden och betala med dina po\u00e4ng kontaktar du hotellet direkt.<br \/>(2) De flesta av hotellen kan bokas\u00a0<strong>online<\/strong>\u00a0&#8211; g\u00e5 in p\u00e5 respektive hotell och klicka p\u00e5 Boka Online.<\/p>\n\n<p><strong>Hur bokar jag en frinatt?<\/strong><br \/>Frin\u00e4tter bokas direkt p\u00e5 respektive hotell. Vid bokningstillf\u00e4llet uppger du att du vill betala med G\u00e4stklubbspo\u00e4ng och d\u00e5 noteras detta p\u00e5 din bokning.<\/p>\n\n<p><strong>Borttappat kort<\/strong><br \/>Om du tappat bort ditt kort, kontakta\u00a0G\u00e4stklubben\u00a0s\u00e5 skickar de ett nytt kort till dig. Allra enklast \u00e4r det om du har kvar medlemsnumret, men om du uppger ditt namn och g\u00e4rna bostadsort som de har registrerat p\u00e5 dig s\u00e5 hittar de dig enkelt bland v\u00e5ra 34 000 medlemmar!<\/p>\n\n<p><strong>Hur l\u00e4nge \u00e4r mina po\u00e4ng giltiga?<\/strong><br \/>Po\u00e4ng \u00e4r giltiga intj\u00e4nande \u00e5ret och ytterligare ett \u00e5r. Exempel: po\u00e4ng som \u00e4r intj\u00e4nade i januari 2010 f\u00f6rfaller 31 december 2011.<\/p>\n\n<p><strong>Vad kan jag g\u00f6ra med mina po\u00e4ng?<\/strong><br \/>Du kan anv\u00e4nda dina po\u00e4ng p\u00e5 3 olika s\u00e4tt: (1) uttag av bonusn\u00e4tter p\u00e5 G\u00e4stklubbshotellen och Akzent Hotels, (2) paketerbjudanden och (3) k\u00f6p i g\u00e4stklubbens medlemsshop.<\/p>\n\n<p><strong>Kan jag ta ut bonusn\u00e4tter och k\u00f6pa varor om jag inte har tillr\u00e4ckligt med po\u00e4ng?<\/strong><br \/>Nej, tyv\u00e4rr inte. F\u00f6r att kunna utnyttja dina po\u00e4ng m\u00e5ste du ha de po\u00e4ng som kr\u00e4vs p\u00e5 ditt kort.<\/p>\n\n<p><strong>\u00c4r alla hotell i G\u00e4stklubben medlemmar i Sweden Hotels?<\/strong><br \/>Nej, hotellen kan v\u00e4lja att enbart vara med i G\u00e4stklubben, d\u00e4rf\u00f6r finns det fler G\u00e4stklubbshotell \u00e4n Sweden Hotels.<\/p>\n\n<p><strong>\u00c4r G\u00e4stklubben VVV enbart f\u00f6r svenska resen\u00e4rer?<\/strong><br \/>Absolut inte &#8211; alla \u00e4r v\u00e4lkomna som medlemmar i G\u00e4stklubben!<\/p>\n\n<p><strong>Jag kan inte aktivera mitt kort.<\/strong><br \/>Om du redan aktiverat ditt kort g\u00e5r det inte att aktivera det igen. Kortet aktiverades automatiskt om du l\u00e4mnade din e-postadress n\u00e4r du blev medlem, eller om du sj\u00e4lv aktiverat kortet tidigare. Kontakta\u00a0G\u00e4stklubben\u00a0om du beh\u00f6ver hj\u00e4lp!<\/p>\n\n<p><strong>Kan jag anv\u00e4nda mina intj\u00e4nade po\u00e4ng p\u00e5 vardagar?<\/strong><br \/>Sj\u00e4lvklart. Kontakta hotellet direkt, s\u00e5 kan de upplysa dig om hur m\u00e5nga po\u00e4ng en frinatt kostar p\u00e5 vardagar.<\/p>\n\n<p><strong>Jag vill inte ha fler plastkort i pl\u00e5nboken &#8211; kan jag \u00e4nd\u00e5 samla po\u00e4ng?<\/strong><br \/>Javisst, det \u00e4r klart. Viktigt \u00e4r dock att du kan ditt 6-siffriga medlemsnummer. Tips: knappa in medlemsnumret i din mobiltelefon, s\u00e5 har du det alltid tillg\u00e4ngligt!<\/p>\n\n<p><strong>N\u00e4r kan jag utnyttja f\u00f6rm\u00e5nerna kopplade till mitt kort?<\/strong><br \/>Varje kortniv\u00e5 \u00e4r f\u00f6rknippad med olika f\u00f6rm\u00e5ner som g\u00e4ller p\u00e5 hotellet d\u00e4r du bor, ex v\u00e4rdekuponger, bo 2 betala f\u00f6r 1, osv. F\u00f6rm\u00e5ner kan endast erh\u00e5llas n\u00e4r du bor under veckodagar och betalar antingen ordinarie pris eller avtalspris. F\u00f6rm\u00e5nerna g\u00e4ller s\u00e5ledes inte vid weekend-, sommar- och specialpriser.<\/p>\n\t\t\t\t\t\t\t\t<\/div>\n\t\t\t\t<\/div>\n\t\t\t\t\t<\/div>\n\t\t<\/div>\n\t\t\t\t\t<\/div>\n\t\t<\/section>\n\t\t\t\t<section class=\"elementor-section elementor-top-section elementor-element elementor-element-e26c27e elementor-section-boxed elementor-section-height-default elementor-section-height-default\" data-id=\"e26c27e\" data-element_type=\"section\">\n\t\t\t\t\t\t<div class=\"elementor-container elementor-column-gap-default\">\n\t\t\t\t\t<div class=\"elementor-column elementor-col-100 elementor-top-column elementor-element elementor-element-e742247\" data-id=\"e742247\" data-element_type=\"column\">\n\t\t\t<div class=\"elementor-widget-wrap elementor-element-populated\">\n\t\t\t\t\t\t<div class=\"elementor-element elementor-element-76e362e elementor-widget elementor-widget-spacer\" data-id=\"76e362e\" data-element_type=\"widget\" data-widget_type=\"spacer.default\">\n\t\t\t\t<div class=\"elementor-widget-container\">\n\t\t\t\t\t\t\t<div class=\"elementor-spacer\">\n\t\t\t<div class=\"elementor-spacer-inner\"><\/div>\n\t\t<\/div>\n\t\t\t\t\t\t<\/div>\n\t\t\t\t<\/div>\n\t\t\t\t\t<\/div>\n\t\t<\/div>\n\t\t\t\t\t<\/div>\n\t\t<\/section>\n\t\t\t\t<\/div>\n\t\t","protected":false},"excerpt":{"rendered":"<p>H\u00e4r hittar du svaren p\u00e5 n\u00e5gra av de vanligaste fr\u00e5gorna: Hur bokar jag?(1) Om du skall boka bonusn\u00e4tter eller paketerbjudanden och betala med dina po\u00e4ng kontaktar du hotellet direkt.(2) De flesta av hotellen kan bokas\u00a0online\u00a0&#8211; g\u00e5 in p\u00e5 respektive hotell och klicka p\u00e5 Boka Online. Hur bokar jag en frinatt?Frin\u00e4tter bokas direkt p\u00e5 respektive hotell. Vid bokningstillf\u00e4llet uppger du att du vill betala med G\u00e4stklubbspo\u00e4ng och d\u00e5 noteras detta p\u00e5 din bokning. Borttappat kortOm du tappat bort ditt kort, kontakta\u00a0G\u00e4stklubben\u00a0s\u00e5 skickar de ett nytt kort till dig. Allra enklast \u00e4r det om du har kvar medlemsnumret, men om du uppger ditt namn och g\u00e4rna bostadsort som de har registrerat p\u00e5 dig s\u00e5 hittar de dig enkelt bland v\u00e5ra 34 000 medlemmar! Hur l\u00e4nge \u00e4r mina po\u00e4ng giltiga?Po\u00e4ng \u00e4r giltiga intj\u00e4nande \u00e5ret och ytterligare ett \u00e5r. Exempel: po\u00e4ng som \u00e4r intj\u00e4nade i januari 2010 f\u00f6rfaller 31 december 2011. Vad kan jag g\u00f6ra med mina po\u00e4ng?Du kan anv\u00e4nda dina po\u00e4ng p\u00e5 3 olika s\u00e4tt: (1) uttag av bonusn\u00e4tter p\u00e5 G\u00e4stklubbshotellen och Akzent Hotels, (2) paketerbjudanden och (3) k\u00f6p i g\u00e4stklubbens medlemsshop. Kan jag ta ut bonusn\u00e4tter och k\u00f6pa varor om jag inte har tillr\u00e4ckligt med po\u00e4ng?Nej, tyv\u00e4rr inte. F\u00f6r att kunna utnyttja dina po\u00e4ng m\u00e5ste du ha de po\u00e4ng som kr\u00e4vs p\u00e5 ditt kort. \u00c4r alla hotell i G\u00e4stklubben medlemmar i Sweden Hotels?Nej, hotellen kan v\u00e4lja att enbart vara med i G\u00e4stklubben, d\u00e4rf\u00f6r finns det fler G\u00e4stklubbshotell \u00e4n Sweden Hotels. \u00c4r G\u00e4stklubben VVV enbart f\u00f6r svenska resen\u00e4rer?Absolut inte &#8211; alla \u00e4r v\u00e4lkomna som medlemmar i G\u00e4stklubben! Jag kan inte aktivera mitt kort.Om du redan aktiverat ditt kort g\u00e5r det inte att aktivera det igen. Kortet aktiverades automatiskt om du l\u00e4mnade din e-postadress n\u00e4r du blev medlem, eller om du sj\u00e4lv aktiverat kortet tidigare. Kontakta\u00a0G\u00e4stklubben\u00a0om du beh\u00f6ver hj\u00e4lp! Kan jag anv\u00e4nda mina intj\u00e4nade po\u00e4ng p\u00e5 vardagar?Sj\u00e4lvklart. Kontakta hotellet direkt, s\u00e5 kan de upplysa dig om hur m\u00e5nga po\u00e4ng en frinatt kostar p\u00e5 vardagar. Jag vill inte ha fler plastkort i pl\u00e5nboken &#8211; kan jag \u00e4nd\u00e5 samla po\u00e4ng?Javisst, det \u00e4r klart. Viktigt \u00e4r dock att du kan ditt 6-siffriga medlemsnummer. Tips: knappa in medlemsnumret i din mobiltelefon, s\u00e5 har du det alltid tillg\u00e4ngligt! N\u00e4r kan jag utnyttja f\u00f6rm\u00e5nerna kopplade till mitt kort?Varje kortniv\u00e5 \u00e4r f\u00f6rknippad med olika f\u00f6rm\u00e5ner som g\u00e4ller p\u00e5 hotellet d\u00e4r du bor, ex v\u00e4rdekuponger, bo 2 betala f\u00f6r 1, osv. F\u00f6rm\u00e5ner kan endast erh\u00e5llas n\u00e4r du bor under veckodagar och betalar antingen ordinarie pris eller avtalspris. F\u00f6rm\u00e5nerna g\u00e4ller s\u00e5ledes inte vid weekend-, sommar- och specialpriser.<\/p>\n","protected":false},"author":1,"featured_media":0,"parent":0,"menu_order":0,"comment_status":"closed","ping_status":"closed","template":"","meta":{"footnotes":""},"_links":{"self":[{"href":"https:\/\/www.gastklubben.se\/index.php?rest_route=\/wp\/v2\/pages\/10"}],"collection":[{"href":"https:\/\/www.gastklubben.se\/index.php?rest_route=\/wp\/v2\/pages"}],"about":[{"href":"https:\/\/www.gastklubben.se\/index.php?rest_route=\/wp\/v2\/types\/page"}],"author":[{"embeddable":true,"href":"https:\/\/www.gastklubben.se\/index.php?rest_route=\/wp\/v2\/users\/1"}],"replies":[{"embeddable":true,"href":"https:\/\/www.gastklubben.se\/index.php?rest_route=%2Fwp%2Fv2%2Fcomments&post=10"}],"version-history":[{"count":3,"href":"https:\/\/www.gastklubben.se\/index.php?rest_route=\/wp\/v2\/pages\/10\/revisions"}],"predecessor-version":[{"id":49,"href":"https:\/\/www.gastklubben.se\/index.php?rest_route=\/wp\/v2\/pages\/10\/revisions\/49"}],"wp:attachment":[{"href":"https:\/\/www.gastklubben.se\/index.php?rest_route=%2Fwp%2Fv2%2Fmedia&parent=10"}],"curies":[{"name":"wp","href":"https:\/\/api.w.org\/{rel}","templated":true}]}}